{"id":733,"date":"2024-04-30T11:40:38","date_gmt":"2024-04-30T11:40:38","guid":{"rendered":"https:\/\/inesjdf.fr\/?page_id=733"},"modified":"2024-04-30T12:31:54","modified_gmt":"2024-04-30T12:31:54","slug":"graphiste","status":"publish","type":"page","link":"https:\/\/inesjdf.fr\/index.php\/graphiste\/","title":{"rendered":"Graphiste communication"},"content":{"rendered":"\t\t<div data-elementor-type=\"wp-page\" data-elementor-id=\"733\" class=\"elementor elementor-733\">\n\t\t\t\t<div class=\"elementor-element elementor-element-62526ca e-con-full e-flex wpr-particle-no wpr-jarallax-no wpr-parallax-no wpr-sticky-section-no wpr-column-slider-no wpr-equal-height-no e-con e-parent\" data-id=\"62526ca\" data-element_type=\"container\">\n\t\t\t\t<div class=\"elementor-element elementor-element-eba05af elementor-widget elementor-widget-spacer\" data-id=\"eba05af\" data-element_type=\"widget\" data-widget_type=\"spacer.default\">\n\t\t\t\t<div class=\"elementor-widget-container\">\n\t\t\t\t\t\t\t<div class=\"elementor-spacer\">\n\t\t\t<div class=\"elementor-spacer-inner\"><\/div>\n\t\t<\/div>\n\t\t\t\t\t\t<\/div>\n\t\t\t\t<\/div>\n\t\t\t\t<\/div>\n\t\t<div class=\"elementor-element elementor-element-461a8ad e-flex e-con-boxed wpr-particle-no wpr-jarallax-no wpr-parallax-no wpr-sticky-section-no wpr-column-slider-no wpr-equal-height-no e-con e-parent\" data-id=\"461a8ad\" data-element_type=\"container\">\n\t\t\t\t\t<div class=\"e-con-inner\">\n\t\t\t\t<div class=\"elementor-element elementor-element-d20d57f elementor-widget elementor-widget-heading\" data-id=\"d20d57f\" data-element_type=\"widget\" data-widget_type=\"heading.default\">\n\t\t\t\t<div class=\"elementor-widget-container\">\n\t\t\t\t\t<h2 class=\"elementor-heading-title elementor-size-default\">Graphisme et communication<\/h2>\t\t\t\t<\/div>\n\t\t\t\t<\/div>\n\t\t\t\t\t<\/div>\n\t\t\t\t<\/div>\n\t\t<div class=\"elementor-element elementor-element-110c27f e-flex e-con-boxed wpr-particle-no wpr-jarallax-no wpr-parallax-no wpr-sticky-section-no wpr-column-slider-no wpr-equal-height-no e-con e-parent\" data-id=\"110c27f\" data-element_type=\"container\">\n\t\t\t\t\t<div class=\"e-con-inner\">\n\t\t\t\t<div class=\"elementor-element elementor-element-058b6f0 elementor-widget elementor-widget-spacer\" data-id=\"058b6f0\" data-element_type=\"widget\" data-widget_type=\"spacer.default\">\n\t\t\t\t<div class=\"elementor-widget-container\">\n\t\t\t\t\t\t\t<div class=\"elementor-spacer\">\n\t\t\t<div class=\"elementor-spacer-inner\"><\/div>\n\t\t<\/div>\n\t\t\t\t\t\t<\/div>\n\t\t\t\t<\/div>\n\t\t\t\t\t<\/div>\n\t\t\t\t<\/div>\n\t\t<div class=\"elementor-element elementor-element-f93e2e6 e-con-full e-flex wpr-particle-no wpr-jarallax-no wpr-parallax-no wpr-sticky-section-no wpr-column-slider-no wpr-equal-height-no e-con e-parent\" data-id=\"f93e2e6\" data-element_type=\"container\">\n\t\t<div class=\"elementor-element elementor-element-17fda62 e-con-full e-flex wpr-particle-no wpr-jarallax-no wpr-parallax-no wpr-sticky-section-no wpr-column-slider-no wpr-equal-height-no e-con e-child\" data-id=\"17fda62\" data-element_type=\"container\">\n\t\t\t\t<div class=\"elementor-element elementor-element-7649d3c elementor-widget elementor-widget-text-editor\" data-id=\"7649d3c\" data-element_type=\"widget\" data-widget_type=\"text-editor.default\">\n\t\t\t\t<div class=\"elementor-widget-container\">\n\t\t\t\t\t\t\t\t\t<p>Vous \u00eates \u00e0 la recherche d&rsquo;un design captivant qui donne vie \u00e0 vos id\u00e9es ? Vous \u00eates au bon endroit !\u00a0<\/p><p>En tant qu&rsquo;auto-entrepreneur graphiste et charg\u00e9e de communication,\u00a0<\/p><p>je suis passionn\u00e9 par la cr\u00e9ation d&rsquo;identit\u00e9s visuelles uniques et percutantes qui refl\u00e8tent la personnalit\u00e9 et les valeurs de mes clients.<\/p><p>Que vous ayez besoin d&rsquo;un logo distinctif, d&rsquo;une charte graphique professionnelle ou de supports de communication innovants, je suis l\u00e0 pour transformer vos concepts en r\u00e9alit\u00e9 visuelle.\u00a0<\/p>\t\t\t\t\t\t\t\t<\/div>\n\t\t\t\t<\/div>\n\t\t\t\t<\/div>\n\t\t<div class=\"elementor-element elementor-element-685df19 e-con-full e-flex wpr-particle-no wpr-jarallax-no wpr-parallax-no wpr-sticky-section-no wpr-column-slider-no wpr-equal-height-no e-con e-child\" data-id=\"685df19\" data-element_type=\"container\">\n\t\t\t\t<div class=\"elementor-element elementor-element-dfd405a elementor-widget elementor-widget-image\" data-id=\"dfd405a\" data-element_type=\"widget\" data-widget_type=\"image.default\">\n\t\t\t\t<div class=\"elementor-widget-container\">\n\t\t\t\t\t\t\t\t\t\t\t\t\t\t\t<img fetchpriority=\"high\" decoding=\"async\" width=\"800\" height=\"800\" src=\"https:\/\/inesjdf.fr\/wp-content\/uploads\/2024\/04\/graphicdesign-1024x1024.png\" class=\"attachment-large size-large wp-image-738\" alt=\"ines juppin de fondaumiere graphiste communication blois\" srcset=\"https:\/\/inesjdf.fr\/wp-content\/uploads\/2024\/04\/graphicdesign-1024x1024.png 1024w, https:\/\/inesjdf.fr\/wp-content\/uploads\/2024\/04\/graphicdesign-300x300.png 300w, https:\/\/inesjdf.fr\/wp-content\/uploads\/2024\/04\/graphicdesign-150x150.png 150w, https:\/\/inesjdf.fr\/wp-content\/uploads\/2024\/04\/graphicdesign-768x768.png 768w, https:\/\/inesjdf.fr\/wp-content\/uploads\/2024\/04\/graphicdesign-1536x1536.png 1536w, https:\/\/inesjdf.fr\/wp-content\/uploads\/2024\/04\/graphicdesign.png 2000w\" sizes=\"(max-width: 800px) 100vw, 800px\" \/>\t\t\t\t\t\t\t\t\t\t\t\t\t\t\t<\/div>\n\t\t\t\t<\/div>\n\t\t\t\t<\/div>\n\t\t\t\t<\/div>\n\t\t<div class=\"elementor-element elementor-element-7c9ac7d e-con-full e-flex wpr-particle-no wpr-jarallax-no wpr-parallax-no wpr-sticky-section-no wpr-column-slider-no wpr-equal-height-no e-con e-parent\" data-id=\"7c9ac7d\" data-element_type=\"container\">\n\t\t\t\t<div class=\"elementor-element elementor-element-c5a7602 elementor-widget elementor-widget-spacer\" data-id=\"c5a7602\" data-element_type=\"widget\" data-widget_type=\"spacer.default\">\n\t\t\t\t<div class=\"elementor-widget-container\">\n\t\t\t\t\t\t\t<div class=\"elementor-spacer\">\n\t\t\t<div class=\"elementor-spacer-inner\"><\/div>\n\t\t<\/div>\n\t\t\t\t\t\t<\/div>\n\t\t\t\t<\/div>\n\t\t\t\t<\/div>\n\t\t<div class=\"elementor-element elementor-element-cfd5618 e-flex e-con-boxed wpr-particle-no wpr-jarallax-no wpr-parallax-no wpr-sticky-section-no wpr-column-slider-no wpr-equal-height-no e-con e-parent\" data-id=\"cfd5618\" data-element_type=\"container\" data-settings=\"{&quot;background_background&quot;:&quot;classic&quot;}\">\n\t\t\t\t\t<div class=\"e-con-inner\">\n\t\t<div class=\"elementor-element elementor-element-b5e7f21 e-flex e-con-boxed wpr-particle-no wpr-jarallax-no wpr-parallax-no wpr-sticky-section-no wpr-column-slider-no wpr-equal-height-no e-con e-child\" data-id=\"b5e7f21\" data-element_type=\"container\">\n\t\t\t\t\t<div class=\"e-con-inner\">\n\t\t\t\t<div class=\"elementor-element elementor-element-878c263 elementor-widget elementor-widget-heading\" data-id=\"878c263\" data-element_type=\"widget\" data-widget_type=\"heading.default\">\n\t\t\t\t<div class=\"elementor-widget-container\">\n\t\t\t\t\t<h2 class=\"elementor-heading-title elementor-size-default\">Les services que je propose<\/h2>\t\t\t\t<\/div>\n\t\t\t\t<\/div>\n\t\t\t\t\t<\/div>\n\t\t\t\t<\/div>\n\t\t<div class=\"elementor-element elementor-element-3119fc3 e-flex e-con-boxed wpr-particle-no wpr-jarallax-no wpr-parallax-no wpr-sticky-section-no wpr-column-slider-no wpr-equal-height-no e-con e-child\" data-id=\"3119fc3\" data-element_type=\"container\">\n\t\t\t\t\t<div class=\"e-con-inner\">\n\t\t<div class=\"elementor-element elementor-element-5ec3ae2 e-flex e-con-boxed wpr-particle-no wpr-jarallax-no wpr-parallax-no wpr-sticky-section-no wpr-column-slider-no wpr-equal-height-no e-con e-child\" data-id=\"5ec3ae2\" data-element_type=\"container\">\n\t\t\t\t\t<div class=\"e-con-inner\">\n\t\t\t\t<div class=\"elementor-element elementor-element-f3dc07f elementor-widget elementor-widget-text-editor\" data-id=\"f3dc07f\" data-element_type=\"widget\" data-widget_type=\"text-editor.default\">\n\t\t\t\t<div class=\"elementor-widget-container\">\n\t\t\t\t\t\t\t\t\t<h3>Conception graphique :\u00a0<\/h3><div>\u00a0<\/div><p><span style=\"background-color: transparent; color: var( --e-global-color-fa0e895 ); font-family: var( --e-global-typography-text-font-family ), Sans-serif; font-weight: var( --e-global-typography-text-font-weight ); text-align: var(--text-align);\">De la cr\u00e9ation\u00a0 de supports de marketing imprim\u00e9s tels que les flyers, les brochures et les cartes de visite \u00e0 la conception d&rsquo;illustrations, nous donnons vie \u00e0 vos id\u00e9es avec originalit\u00e9 et professionnalisme.<\/span><\/p>\t\t\t\t\t\t\t\t<\/div>\n\t\t\t\t<\/div>\n\t\t\t\t\t<\/div>\n\t\t\t\t<\/div>\n\t\t\t\t\t<\/div>\n\t\t\t\t<\/div>\n\t\t<div class=\"elementor-element elementor-element-3caeb3e e-flex e-con-boxed wpr-particle-no wpr-jarallax-no wpr-parallax-no wpr-sticky-section-no wpr-column-slider-no wpr-equal-height-no e-con e-child\" data-id=\"3caeb3e\" data-element_type=\"container\">\n\t\t\t\t\t<div class=\"e-con-inner\">\n\t\t<div class=\"elementor-element elementor-element-6978c77 e-flex e-con-boxed wpr-particle-no wpr-jarallax-no wpr-parallax-no wpr-sticky-section-no wpr-column-slider-no wpr-equal-height-no e-con e-child\" data-id=\"6978c77\" data-element_type=\"container\">\n\t\t\t\t\t<div class=\"e-con-inner\">\n\t\t\t\t<div class=\"elementor-element elementor-element-593a461 elementor-widget elementor-widget-text-editor\" data-id=\"593a461\" data-element_type=\"widget\" data-widget_type=\"text-editor.default\">\n\t\t\t\t<div class=\"elementor-widget-container\">\n\t\t\t\t\t\t\t\t\t<h3>Identit\u00e9 visuelle :\u00a0<\/h3><div>\u00a0<\/div><p>Nous \u00e9laborons des identit\u00e9s visuelles coh\u00e9rentes et m\u00e9morables pour votre marque, gr\u00e2ce \u00e0 des chartes graphiques et des logos , en veillant \u00e0 ce qu&rsquo;elle se d\u00e9marque dans un march\u00e9 satur\u00e9 et \u00e0 ce qu&rsquo;elle communique efficacement vos valeurs et votre message.<\/p>\t\t\t\t\t\t\t\t<\/div>\n\t\t\t\t<\/div>\n\t\t\t\t\t<\/div>\n\t\t\t\t<\/div>\n\t\t\t\t\t<\/div>\n\t\t\t\t<\/div>\n\t\t<div class=\"elementor-element elementor-element-bc1fbc9 e-flex e-con-boxed wpr-particle-no wpr-jarallax-no wpr-parallax-no wpr-sticky-section-no wpr-column-slider-no wpr-equal-height-no e-con e-child\" data-id=\"bc1fbc9\" data-element_type=\"container\">\n\t\t\t\t\t<div class=\"e-con-inner\">\n\t\t<div class=\"elementor-element elementor-element-96eb2da e-flex e-con-boxed wpr-particle-no wpr-jarallax-no wpr-parallax-no wpr-sticky-section-no wpr-column-slider-no wpr-equal-height-no e-con e-child\" data-id=\"96eb2da\" data-element_type=\"container\">\n\t\t\t\t\t<div class=\"e-con-inner\">\n\t\t\t\t<div class=\"elementor-element elementor-element-b47f6b3 elementor-widget elementor-widget-text-editor\" data-id=\"b47f6b3\" data-element_type=\"widget\" data-widget_type=\"text-editor.default\">\n\t\t\t\t<div class=\"elementor-widget-container\">\n\t\t\t\t\t\t\t\t\t<h3>Communication digitale r\u00e9seaux :\u00a0<\/h3><div>\u00a0<\/div><p>De la cr\u00e9ation de contenu visuel captivant \u00e0 la gestion proactive de votre communaut\u00e9 en passant par la conception, nous sommes l\u00e0 pour vous aider \u00e0 interagir efficacement avec votre public cible. Nous vous aidons \u00e0 maximiser votre impact sur les plateformes sociales les plus importantes.<\/p>\t\t\t\t\t\t\t\t<\/div>\n\t\t\t\t<\/div>\n\t\t\t\t\t<\/div>\n\t\t\t\t<\/div>\n\t\t\t\t\t<\/div>\n\t\t\t\t<\/div>\n\t\t<div class=\"elementor-element elementor-element-7468679 e-flex e-con-boxed wpr-particle-no wpr-jarallax-no wpr-parallax-no wpr-sticky-section-no wpr-column-slider-no wpr-equal-height-no e-con e-child\" data-id=\"7468679\" data-element_type=\"container\">\n\t\t\t\t\t<div class=\"e-con-inner\">\n\t\t<div class=\"elementor-element elementor-element-4f43dce e-flex e-con-boxed wpr-particle-no wpr-jarallax-no wpr-parallax-no wpr-sticky-section-no wpr-column-slider-no wpr-equal-height-no e-con e-child\" data-id=\"4f43dce\" data-element_type=\"container\">\n\t\t\t\t\t<div class=\"e-con-inner\">\n\t\t\t\t<div class=\"elementor-element elementor-element-674014b elementor-widget elementor-widget-text-editor\" data-id=\"674014b\" data-element_type=\"widget\" data-widget_type=\"text-editor.default\">\n\t\t\t\t<div class=\"elementor-widget-container\">\n\t\t\t\t\t\t\t\t\t<h3>Strat\u00e9gie de communication\u00a0:\u00a0<\/h3><div>\u00a0<\/div><p>Nous collaborons avec vous pour \u00e9laborer des strat\u00e9gies de communication sur mesure, en identifiant les meilleurs canaux pour atteindre votre public cible et en cr\u00e9ant des campagnes percutantes qui renforcent votre pr\u00e9sence sur le march\u00e9.<\/p>\t\t\t\t\t\t\t\t<\/div>\n\t\t\t\t<\/div>\n\t\t\t\t\t<\/div>\n\t\t\t\t<\/div>\n\t\t\t\t\t<\/div>\n\t\t\t\t<\/div>\n\t\t<div class=\"elementor-element elementor-element-f2372cc e-flex e-con-boxed wpr-particle-no wpr-jarallax-no wpr-parallax-no wpr-sticky-section-no wpr-column-slider-no wpr-equal-height-no e-con e-child\" data-id=\"f2372cc\" data-element_type=\"container\">\n\t\t\t\t\t<div class=\"e-con-inner\">\n\t\t\t\t<div class=\"elementor-element elementor-element-667de39 elementor-widget elementor-widget-button\" data-id=\"667de39\" data-element_type=\"widget\" data-widget_type=\"button.default\">\n\t\t\t\t<div class=\"elementor-widget-container\">\n\t\t\t\t\t\t\t\t\t<div class=\"elementor-button-wrapper\">\n\t\t\t\t\t<a class=\"elementor-button elementor-button-link elementor-size-sm\" href=\"#\">\n\t\t\t\t\t\t<span class=\"elementor-button-content-wrapper\">\n\t\t\t\t\t\t\t\t\t<span class=\"elementor-button-text\">Travaillez avec nous<\/span>\n\t\t\t\t\t<\/span>\n\t\t\t\t\t<\/a>\n\t\t\t\t<\/div>\n\t\t\t\t\t\t\t\t<\/div>\n\t\t\t\t<\/div>\n\t\t\t\t\t<\/div>\n\t\t\t\t<\/div>\n\t\t\t\t\t<\/div>\n\t\t\t\t<\/div>\n\t\t<div class=\"elementor-element elementor-element-51032fe e-con-full e-flex wpr-particle-no wpr-jarallax-no wpr-parallax-no wpr-sticky-section-no wpr-column-slider-no wpr-equal-height-no e-con e-parent\" data-id=\"51032fe\" data-element_type=\"container\">\n\t\t<div class=\"elementor-element elementor-element-72e5de8 e-con-full e-flex wpr-particle-no wpr-jarallax-no wpr-parallax-no wpr-sticky-section-no wpr-column-slider-no wpr-equal-height-no e-con e-child\" data-id=\"72e5de8\" data-element_type=\"container\">\n\t\t\t\t<div class=\"elementor-element elementor-element-21a04ab elementor-widget elementor-widget-spacer\" data-id=\"21a04ab\" data-element_type=\"widget\" data-widget_type=\"spacer.default\">\n\t\t\t\t<div class=\"elementor-widget-container\">\n\t\t\t\t\t\t\t<div class=\"elementor-spacer\">\n\t\t\t<div class=\"elementor-spacer-inner\"><\/div>\n\t\t<\/div>\n\t\t\t\t\t\t<\/div>\n\t\t\t\t<\/div>\n\t\t\t\t<\/div>\n\t\t<div class=\"elementor-element elementor-element-59cfb0a e-con-full e-flex wpr-particle-no wpr-jarallax-no wpr-parallax-no wpr-sticky-section-no wpr-column-slider-no wpr-equal-height-no e-con e-child\" data-id=\"59cfb0a\" data-element_type=\"container\">\n\t\t<div class=\"elementor-element elementor-element-156b390 e-con-full e-flex wpr-particle-no wpr-jarallax-no wpr-parallax-no wpr-sticky-section-no wpr-column-slider-no wpr-equal-height-no e-con e-child\" data-id=\"156b390\" data-element_type=\"container\">\n\t\t\t\t<div class=\"elementor-element elementor-element-4d4f000 elementor-widget__width-initial elementor-widget elementor-widget-heading\" data-id=\"4d4f000\" data-element_type=\"widget\" data-widget_type=\"heading.default\">\n\t\t\t\t<div class=\"elementor-widget-container\">\n\t\t\t\t\t<h2 class=\"elementor-heading-title elementor-size-default\">Un travail en collaboration<\/h2>\t\t\t\t<\/div>\n\t\t\t\t<\/div>\n\t\t\t\t<div class=\"elementor-element elementor-element-ece556b elementor-widget elementor-widget-spacer\" data-id=\"ece556b\" data-element_type=\"widget\" data-widget_type=\"spacer.default\">\n\t\t\t\t<div class=\"elementor-widget-container\">\n\t\t\t\t\t\t\t<div class=\"elementor-spacer\">\n\t\t\t<div class=\"elementor-spacer-inner\"><\/div>\n\t\t<\/div>\n\t\t\t\t\t\t<\/div>\n\t\t\t\t<\/div>\n\t\t\t\t<div class=\"elementor-element elementor-element-a11d6ed elementor-widget elementor-widget-text-editor\" data-id=\"a11d6ed\" data-element_type=\"widget\" data-widget_type=\"text-editor.default\">\n\t\t\t\t<div class=\"elementor-widget-container\">\n\t\t\t\t\t\t\t\t\t<p>Je suis ravi de collaborer avec mon partenaire Alan Perrichon, cr\u00e9ateur de sites web. Ensemble, nous formons une \u00e9quipe dynamique pr\u00eate \u00e0 donner vie \u00e0 vos projets en ligne.\u00a0<\/p><p>Avec une expertise pointue dans la conception sur mesure, il pourra cr\u00e9er un site web qui refl\u00e8te parfaitement votre identit\u00e9 et vos objectifs. Ses designs modernes et esth\u00e9tiques captiveront vos visiteurs d\u00e8s la premi\u00e8re impression, gr\u00e2ce \u00e0 une approche orient\u00e9e design mettant l&rsquo;accent sur l&rsquo;exp\u00e9rience utilisateur (UX) et l&rsquo;interface utilisateur (UI). De plus, il pourra optimiser votre site pour les moteurs de recherche (SEO), assurant ainsi une visibilit\u00e9 maximale en ligne.<\/p><p>Rejoignez-nous dans cette aventure passionnante et laissez-nous faire de votre vision une r\u00e9alit\u00e9.<\/p>\t\t\t\t\t\t\t\t<\/div>\n\t\t\t\t<\/div>\n\t\t\t\t<div class=\"elementor-element elementor-element-fc9a4c9 elementor-widget elementor-widget-button\" data-id=\"fc9a4c9\" data-element_type=\"widget\" data-widget_type=\"button.default\">\n\t\t\t\t<div class=\"elementor-widget-container\">\n\t\t\t\t\t\t\t\t\t<div class=\"elementor-button-wrapper\">\n\t\t\t\t\t<a class=\"elementor-button elementor-button-link elementor-size-sm\" href=\"#\">\n\t\t\t\t\t\t<span class=\"elementor-button-content-wrapper\">\n\t\t\t\t\t\t\t\t\t<span class=\"elementor-button-text\">D\u00e9couvrir son site<\/span>\n\t\t\t\t\t<\/span>\n\t\t\t\t\t<\/a>\n\t\t\t\t<\/div>\n\t\t\t\t\t\t\t\t<\/div>\n\t\t\t\t<\/div>\n\t\t\t\t<\/div>\n\t\t<div class=\"elementor-element elementor-element-4765063 e-con-full e-flex wpr-particle-no wpr-jarallax-no wpr-parallax-no wpr-sticky-section-no wpr-column-slider-no wpr-equal-height-no e-con e-child\" data-id=\"4765063\" data-element_type=\"container\">\n\t\t\t\t<div class=\"elementor-element elementor-element-7c29405 elementor-widget__width-initial elementor-widget elementor-widget-image\" data-id=\"7c29405\" data-element_type=\"widget\" data-widget_type=\"image.default\">\n\t\t\t\t<div class=\"elementor-widget-container\">\n\t\t\t\t\t\t\t\t\t\t\t\t\t\t\t<img decoding=\"async\" width=\"800\" height=\"800\" src=\"https:\/\/inesjdf.fr\/wp-content\/uploads\/2024\/04\/1674309673225.jpg\" class=\"attachment-full size-full wp-image-751\" alt=\"alan perrichon site web blois\" srcset=\"https:\/\/inesjdf.fr\/wp-content\/uploads\/2024\/04\/1674309673225.jpg 800w, https:\/\/inesjdf.fr\/wp-content\/uploads\/2024\/04\/1674309673225-300x300.jpg 300w, https:\/\/inesjdf.fr\/wp-content\/uploads\/2024\/04\/1674309673225-150x150.jpg 150w, https:\/\/inesjdf.fr\/wp-content\/uploads\/2024\/04\/1674309673225-768x768.jpg 768w\" sizes=\"(max-width: 800px) 100vw, 800px\" \/>\t\t\t\t\t\t\t\t\t\t\t\t\t\t\t<\/div>\n\t\t\t\t<\/div>\n\t\t\t\t<\/div>\n\t\t\t\t<\/div>\n\t\t\t\t<\/div>\n\t\t\t\t<\/div>\n\t\t","protected":false},"excerpt":{"rendered":"<p>Graphisme et communication Vous \u00eates \u00e0 la recherche d&rsquo;un design captivant qui donne vie \u00e0 vos id\u00e9es ? Vous \u00eates au bon endroit !\u00a0 En tant qu&rsquo;auto-entrepreneur graphiste et charg\u00e9e de communication,\u00a0 je suis passionn\u00e9 par la cr\u00e9ation d&rsquo;identit\u00e9s visuelles uniques et percutantes qui refl\u00e8tent la personnalit\u00e9 et les valeurs de mes clients. Que vous ayez besoin d&rsquo;un logo distinctif, d&rsquo;une charte graphique professionnelle ou de supports de communication innovants, je suis l\u00e0 pour transformer vos concepts en r\u00e9alit\u00e9 visuelle.\u00a0 Les services que je propose Conception graphique :\u00a0 \u00a0 De la cr\u00e9ation\u00a0 de supports de marketing imprim\u00e9s tels que les flyers, les brochures et les cartes de visite \u00e0 la conception d&rsquo;illustrations, nous donnons vie \u00e0 vos id\u00e9es avec originalit\u00e9 et professionnalisme. Identit\u00e9 visuelle :\u00a0 \u00a0 Nous \u00e9laborons des identit\u00e9s visuelles coh\u00e9rentes et m\u00e9morables pour votre marque, gr\u00e2ce \u00e0 des chartes graphiques et des logos , en veillant \u00e0 ce qu&rsquo;elle se d\u00e9marque dans un march\u00e9 satur\u00e9 et \u00e0 ce qu&rsquo;elle communique efficacement vos valeurs et votre message. Communication digitale r\u00e9seaux :\u00a0 \u00a0 De la cr\u00e9ation de contenu visuel captivant \u00e0 la gestion proactive de votre communaut\u00e9 en passant par la conception, nous sommes l\u00e0 pour vous aider \u00e0 interagir efficacement avec votre public cible. Nous vous aidons \u00e0 maximiser votre impact sur les plateformes sociales les plus importantes. Strat\u00e9gie de communication\u00a0:\u00a0 \u00a0 Nous collaborons avec vous pour \u00e9laborer des strat\u00e9gies de communication sur mesure, en identifiant les meilleurs canaux pour atteindre votre public cible et en cr\u00e9ant des campagnes percutantes qui renforcent votre pr\u00e9sence sur le march\u00e9. Travaillez avec nous Un travail en collaboration Je suis ravi de collaborer avec mon partenaire Alan Perrichon, cr\u00e9ateur de sites web. Ensemble, nous formons une \u00e9quipe dynamique pr\u00eate \u00e0 donner vie \u00e0 vos projets en ligne.\u00a0 Avec une expertise pointue dans la conception sur mesure, il pourra cr\u00e9er un site web qui refl\u00e8te parfaitement votre identit\u00e9 et vos objectifs. Ses designs modernes et esth\u00e9tiques captiveront vos visiteurs d\u00e8s la premi\u00e8re impression, gr\u00e2ce \u00e0 une approche orient\u00e9e design mettant l&rsquo;accent sur l&rsquo;exp\u00e9rience utilisateur (UX) et l&rsquo;interface utilisateur (UI). De plus, il pourra optimiser votre site pour les moteurs de recherche (SEO), assurant ainsi une visibilit\u00e9 maximale en ligne. Rejoignez-nous dans cette aventure passionnante et laissez-nous faire de votre vision une r\u00e9alit\u00e9. D\u00e9couvrir son site<\/p>\n","protected":false},"author":1,"featured_media":0,"parent":0,"menu_order":0,"comment_status":"closed","ping_status":"closed","template":"","meta":{"footnotes":""},"_links":{"self":[{"href":"https:\/\/inesjdf.fr\/index.php\/wp-json\/wp\/v2\/pages\/733"}],"collection":[{"href":"https:\/\/inesjdf.fr\/index.php\/wp-json\/wp\/v2\/pages"}],"about":[{"href":"https:\/\/inesjdf.fr\/index.php\/wp-json\/wp\/v2\/types\/page"}],"author":[{"embeddable":true,"href":"https:\/\/inesjdf.fr\/index.php\/wp-json\/wp\/v2\/users\/1"}],"replies":[{"embeddable":true,"href":"https:\/\/inesjdf.fr\/index.php\/wp-json\/wp\/v2\/comments?post=733"}],"version-history":[{"count":32,"href":"https:\/\/inesjdf.fr\/index.php\/wp-json\/wp\/v2\/pages\/733\/revisions"}],"predecessor-version":[{"id":773,"href":"https:\/\/inesjdf.fr\/index.php\/wp-json\/wp\/v2\/pages\/733\/revisions\/773"}],"wp:attachment":[{"href":"https:\/\/inesjdf.fr\/index.php\/wp-json\/wp\/v2\/media?parent=733"}],"curies":[{"name":"wp","href":"https:\/\/api.w.org\/{rel}","templated":true}]}}