{"id":281,"date":"2024-03-01T16:04:45","date_gmt":"2024-03-01T16:04:45","guid":{"rendered":"https:\/\/inesjdf.fr\/?page_id=281"},"modified":"2024-03-11T18:57:22","modified_gmt":"2024-03-11T18:57:22","slug":"a-propos","status":"publish","type":"page","link":"https:\/\/inesjdf.fr\/index.php\/a-propos\/","title":{"rendered":"A propos"},"content":{"rendered":"\t\t<div data-elementor-type=\"wp-page\" data-elementor-id=\"281\" class=\"elementor elementor-281\">\n\t\t\t\t<div class=\"elementor-element elementor-element-ed5f779 e-flex e-con-boxed wpr-particle-no wpr-jarallax-no wpr-parallax-no wpr-sticky-section-no e-con e-parent\" data-id=\"ed5f779\" data-element_type=\"container\">\n\t\t\t\t\t<div class=\"e-con-inner\">\n\t\t\t\t<div class=\"elementor-element elementor-element-2e203cb elementor-widget elementor-widget-spacer\" data-id=\"2e203cb\" data-element_type=\"widget\" data-widget_type=\"spacer.default\">\n\t\t\t\t<div class=\"elementor-widget-container\">\n\t\t\t\t\t\t\t<div class=\"elementor-spacer\">\n\t\t\t<div class=\"elementor-spacer-inner\"><\/div>\n\t\t<\/div>\n\t\t\t\t\t\t<\/div>\n\t\t\t\t<\/div>\n\t\t\t\t\t<\/div>\n\t\t\t\t<\/div>\n\t\t<div class=\"elementor-element elementor-element-708c349 e-con-full e-flex wpr-particle-no wpr-jarallax-no wpr-parallax-no wpr-sticky-section-no elementor-invisible e-con e-parent\" data-id=\"708c349\" data-element_type=\"container\" data-settings=\"{&quot;animation&quot;:&quot;zoomIn&quot;}\">\n\t\t<div class=\"elementor-element elementor-element-e07ba1f e-con-full e-flex wpr-particle-no wpr-jarallax-no wpr-parallax-no wpr-sticky-section-no e-con e-child\" data-id=\"e07ba1f\" data-element_type=\"container\">\n\t\t\t\t<div class=\"elementor-element elementor-element-3ae130a elementor-widget__width-initial elementor-widget-mobile__width-initial elementor-widget-tablet__width-initial elementor-widget elementor-widget-heading\" data-id=\"3ae130a\" data-element_type=\"widget\" data-widget_type=\"heading.default\">\n\t\t\t\t<div class=\"elementor-widget-container\">\n\t\t\t\t\t<h2 class=\"elementor-heading-title elementor-size-default\">A propos<\/h2>\t\t\t\t<\/div>\n\t\t\t\t<\/div>\n\t\t\t\t<div class=\"elementor-element elementor-element-593c6c2 elementor-widget__width-initial elementor-widget-tablet__width-initial elementor-widget-mobile__width-initial elementor-widget elementor-widget-text-editor\" data-id=\"593c6c2\" data-element_type=\"widget\" data-widget_type=\"text-editor.default\">\n\t\t\t\t<div class=\"elementor-widget-container\">\n\t\t\t\t\t\t\t\t\t<p>Je m\u2019appelle In\u00e8s Juppin de Fondaumi\u00e8re, et je suis passionn\u00e9e par l\u2019art en g\u00e9n\u00e9ral. Avec une fascination pour le graphisme num\u00e9rique, je m\u2019efforce constamment d\u2019explorer et d\u2019apprendre davantage. J&rsquo;ai d\u00e9couvert ma passion pour l&rsquo;art- d\u00e8s mon plus jeune \u00e2ge, gr\u00e2ce \u00e0 la musique et \u00e0 la danse et depuis, je m&rsquo;efforce de cultiver mes connaissances et mes comp\u00e9tences dans ce domaine en expansion constante. <span style=\"color: var( --e-global-color-c9c8a10 );\">\u00a0<\/span><\/p>\t\t\t\t\t\t\t\t<\/div>\n\t\t\t\t<\/div>\n\t\t\t\t<\/div>\n\t\t<div class=\"elementor-element elementor-element-8ed2d38 e-con-full e-flex wpr-particle-no wpr-jarallax-no wpr-parallax-no wpr-sticky-section-no e-con e-child\" data-id=\"8ed2d38\" data-element_type=\"container\">\n\t\t\t\t<div class=\"elementor-element elementor-element-3539a96 elementor-widget__width-initial elementor-widget elementor-widget-image\" data-id=\"3539a96\" data-element_type=\"widget\" data-widget_type=\"image.default\">\n\t\t\t\t<div class=\"elementor-widget-container\">\n\t\t\t\t\t\t\t\t\t\t\t\t\t\t\t<img fetchpriority=\"high\" decoding=\"async\" width=\"800\" height=\"800\" src=\"https:\/\/inesjdf.fr\/wp-content\/uploads\/2024\/03\/IMG_20230419_195303_516-1-1024x1024.webp\" class=\"attachment-large size-large wp-image-288\" alt=\"ines juppin de fondaumiere graphiste communication\" srcset=\"https:\/\/inesjdf.fr\/wp-content\/uploads\/2024\/03\/IMG_20230419_195303_516-1-1024x1024.webp 1024w, https:\/\/inesjdf.fr\/wp-content\/uploads\/2024\/03\/IMG_20230419_195303_516-1-300x300.webp 300w, https:\/\/inesjdf.fr\/wp-content\/uploads\/2024\/03\/IMG_20230419_195303_516-1-150x150.webp 150w, https:\/\/inesjdf.fr\/wp-content\/uploads\/2024\/03\/IMG_20230419_195303_516-1-768x768.webp 768w, https:\/\/inesjdf.fr\/wp-content\/uploads\/2024\/03\/IMG_20230419_195303_516-1.webp 1440w\" sizes=\"(max-width: 800px) 100vw, 800px\" \/>\t\t\t\t\t\t\t\t\t\t\t\t\t\t\t<\/div>\n\t\t\t\t<\/div>\n\t\t\t\t<\/div>\n\t\t\t\t<\/div>\n\t\t<div class=\"elementor-element elementor-element-ab36772 e-flex e-con-boxed wpr-particle-no wpr-jarallax-no wpr-parallax-no wpr-sticky-section-no e-con e-parent\" data-id=\"ab36772\" data-element_type=\"container\">\n\t\t\t\t\t<div class=\"e-con-inner\">\n\t\t\t\t<div class=\"elementor-element elementor-element-cb533ee elementor-widget elementor-widget-spacer\" data-id=\"cb533ee\" data-element_type=\"widget\" data-widget_type=\"spacer.default\">\n\t\t\t\t<div class=\"elementor-widget-container\">\n\t\t\t\t\t\t\t<div class=\"elementor-spacer\">\n\t\t\t<div class=\"elementor-spacer-inner\"><\/div>\n\t\t<\/div>\n\t\t\t\t\t\t<\/div>\n\t\t\t\t<\/div>\n\t\t\t\t\t<\/div>\n\t\t\t\t<\/div>\n\t\t<div class=\"elementor-element elementor-element-40f4e77 e-flex e-con-boxed wpr-particle-no wpr-jarallax-no wpr-parallax-no wpr-sticky-section-no e-con e-parent\" data-id=\"40f4e77\" data-element_type=\"container\">\n\t\t\t\t\t<div class=\"e-con-inner\">\n\t\t<div class=\"elementor-element elementor-element-cd386c1 e-con-full e-flex wpr-particle-no wpr-jarallax-no wpr-parallax-no wpr-sticky-section-no e-con e-child\" data-id=\"cd386c1\" data-element_type=\"container\">\n\t\t<div class=\"elementor-element elementor-element-a534926 e-con-full e-flex wpr-particle-no wpr-jarallax-no wpr-parallax-no wpr-sticky-section-no elementor-invisible e-con e-child\" data-id=\"a534926\" data-element_type=\"container\" data-settings=\"{&quot;animation&quot;:&quot;zoomIn&quot;}\">\n\t\t<div class=\"elementor-element elementor-element-ceedd9d e-con-full e-flex wpr-particle-no wpr-jarallax-no wpr-parallax-no wpr-sticky-section-no e-con e-child\" data-id=\"ceedd9d\" data-element_type=\"container\">\n\t\t\t\t<div class=\"elementor-element elementor-element-c8375e9 elementor-widget__width-initial elementor-widget elementor-widget-image\" data-id=\"c8375e9\" data-element_type=\"widget\" data-widget_type=\"image.default\">\n\t\t\t\t<div class=\"elementor-widget-container\">\n\t\t\t\t\t\t\t\t\t\t\t\t\t\t\t<img decoding=\"async\" width=\"800\" height=\"593\" src=\"https:\/\/inesjdf.fr\/wp-content\/uploads\/2024\/03\/57297-1024x759.jpg\" class=\"attachment-large size-large wp-image-289\" alt=\"ines juppin de fondaumiere graphiste communication\" srcset=\"https:\/\/inesjdf.fr\/wp-content\/uploads\/2024\/03\/57297-1024x759.jpg 1024w, https:\/\/inesjdf.fr\/wp-content\/uploads\/2024\/03\/57297-300x222.jpg 300w, https:\/\/inesjdf.fr\/wp-content\/uploads\/2024\/03\/57297-768x569.jpg 768w, https:\/\/inesjdf.fr\/wp-content\/uploads\/2024\/03\/57297-1536x1138.jpg 1536w, https:\/\/inesjdf.fr\/wp-content\/uploads\/2024\/03\/57297-2048x1518.jpg 2048w\" sizes=\"(max-width: 800px) 100vw, 800px\" \/>\t\t\t\t\t\t\t\t\t\t\t\t\t\t\t<\/div>\n\t\t\t\t<\/div>\n\t\t\t\t<\/div>\n\t\t<div class=\"elementor-element elementor-element-9f54d43 e-flex e-con-boxed wpr-particle-no wpr-jarallax-no wpr-parallax-no wpr-sticky-section-no e-con e-child\" data-id=\"9f54d43\" data-element_type=\"container\">\n\t\t\t\t\t<div class=\"e-con-inner\">\n\t\t\t\t<div class=\"elementor-element elementor-element-e787c80 elementor-widget elementor-widget-heading\" data-id=\"e787c80\" data-element_type=\"widget\" data-widget_type=\"heading.default\">\n\t\t\t\t<div class=\"elementor-widget-container\">\n\t\t\t\t\t<h2 class=\"elementor-heading-title elementor-size-default\">Ce que je fais<\/h2>\t\t\t\t<\/div>\n\t\t\t\t<\/div>\n\t\t\t\t<div class=\"elementor-element elementor-element-0538f08 elementor-widget elementor-widget-text-editor\" data-id=\"0538f08\" data-element_type=\"widget\" data-widget_type=\"text-editor.default\">\n\t\t\t\t<div class=\"elementor-widget-container\">\n\t\t\t\t\t\t\t\t\t<p><span style=\"color: var( --e-global-color-c9c8a10 );\">En tant que graphiste et charg\u00e9e de communication freelance, je suis immerg\u00e9e dans un monde d\u2019images, de cr\u00e9ativit\u00e9 et de strat\u00e9gie. Mon r\u00f4le consiste \u00e0 donner vie aux id\u00e9es et aux messages \u00e0 travers des \u00e9l\u00e9ments visuels percutants et efficaces. Que ce soit la conception de logos, d\u2019identit\u00e9s visuelles, de supports de communication ou la gestion des r\u00e9seaux sociaux, je m\u2019engage \u00e0 fournir des solutions sur mesure qui r\u00e9pondent aux besoins et aux objectifs de mes clients.<\/span><br><\/p>\n<p><br><\/p>\n<div><span style=\"color: var( --e-global-color-c9c8a10 ); font-size: var(--wp--preset--font-size--small);\"><br><\/span><\/div>\n<p><\/p>\t\t\t\t\t\t\t\t<\/div>\n\t\t\t\t<\/div>\n\t\t\t\t\t<\/div>\n\t\t\t\t<\/div>\n\t\t\t\t<\/div>\n\t\t\t\t<div class=\"elementor-element elementor-element-109631d elementor-widget elementor-widget-heading\" data-id=\"109631d\" data-element_type=\"widget\" data-widget_type=\"heading.default\">\n\t\t\t\t<div class=\"elementor-widget-container\">\n\t\t\t\t\t<h2 class=\"elementor-heading-title elementor-size-default\">Pourquoi l'entreprenariat ?<\/h2>\t\t\t\t<\/div>\n\t\t\t\t<\/div>\n\t\t\t\t<div class=\"elementor-element elementor-element-a10ac0f elementor-widget elementor-widget-text-editor\" data-id=\"a10ac0f\" data-element_type=\"widget\" data-widget_type=\"text-editor.default\">\n\t\t\t\t<div class=\"elementor-widget-container\">\n\t\t\t\t\t\t\t\t\t<p><span style=\"color: var( --e-global-color-c9c8a10 );\">J&rsquo;ai choisi l&rsquo;auto entreprenariat car j\u2019appr\u00e9cie la flexibilit\u00e9 et l\u2019autonomie que cela m\u2019offre. Je peux travailler avec une vari\u00e9t\u00e9 de clients, des petites entreprises aux grandes organisations, et je m\u2019efforce toujours de fournir un service personnalis\u00e9 et de qualit\u00e9 sup\u00e9rieure. Mon objectif est de cr\u00e9er des designs qui captivent l\u2019audience et qui renforcent la marque de mes clients, tout en respectant les d\u00e9lais et les budgets impartis.&nbsp;<\/span><br><\/p>\n<div><span style=\"color: var( --e-global-color-c9c8a10 ); font-size: var(--wp--preset--font-size--small);\"><br><\/span><\/div>\n<p><\/p>\t\t\t\t\t\t\t\t<\/div>\n\t\t\t\t<\/div>\n\t\t\t\t<\/div>\n\t\t\t\t\t<\/div>\n\t\t\t\t<\/div>\n\t\t<div class=\"elementor-element elementor-element-c1cc398 e-flex e-con-boxed wpr-particle-no wpr-jarallax-no wpr-parallax-no wpr-sticky-section-no e-con e-parent\" data-id=\"c1cc398\" data-element_type=\"container\">\n\t\t\t\t\t<div class=\"e-con-inner\">\n\t\t\t\t<div class=\"elementor-element elementor-element-8e2bc01 elementor-widget elementor-widget-spacer\" data-id=\"8e2bc01\" data-element_type=\"widget\" data-widget_type=\"spacer.default\">\n\t\t\t\t<div class=\"elementor-widget-container\">\n\t\t\t\t\t\t\t<div class=\"elementor-spacer\">\n\t\t\t<div class=\"elementor-spacer-inner\"><\/div>\n\t\t<\/div>\n\t\t\t\t\t\t<\/div>\n\t\t\t\t<\/div>\n\t\t\t\t\t<\/div>\n\t\t\t\t<\/div>\n\t\t<div class=\"elementor-element elementor-element-97e6081 e-flex e-con-boxed wpr-particle-no wpr-jarallax-no wpr-parallax-no wpr-sticky-section-no e-con e-parent\" data-id=\"97e6081\" data-element_type=\"container\">\n\t\t\t\t\t<div class=\"e-con-inner\">\n\t\t<div class=\"elementor-element elementor-element-d98865b e-con-full e-flex wpr-particle-no wpr-jarallax-no wpr-parallax-no wpr-sticky-section-no elementor-invisible e-con e-child\" data-id=\"d98865b\" data-element_type=\"container\" data-settings=\"{&quot;animation&quot;:&quot;zoomIn&quot;}\">\n\t\t<div class=\"elementor-element elementor-element-a3dba1a e-con-full e-flex wpr-particle-no wpr-jarallax-no wpr-parallax-no wpr-sticky-section-no e-con e-child\" data-id=\"a3dba1a\" data-element_type=\"container\">\n\t\t\t\t<div class=\"elementor-element elementor-element-0ec618e elementor-widget elementor-widget-heading\" data-id=\"0ec618e\" data-element_type=\"widget\" data-widget_type=\"heading.default\">\n\t\t\t\t<div class=\"elementor-widget-container\">\n\t\t\t\t\t<h2 class=\"elementor-heading-title elementor-size-default\">Mes passions<\/h2>\t\t\t\t<\/div>\n\t\t\t\t<\/div>\n\t\t\t\t<div class=\"elementor-element elementor-element-c6eee6d elementor-widget elementor-widget-text-editor\" data-id=\"c6eee6d\" data-element_type=\"widget\" data-widget_type=\"text-editor.default\">\n\t\t\t\t<div class=\"elementor-widget-container\">\n\t\t\t\t\t\t\t\t\t<p>En dehors du graphisme, je trouve du plaisir dans la photographie ou la litt\u00e9rature. Ces activit\u00e9s me permettent de me ressourcer et d\u2019approfondir ma compr\u00e9hension du monde qui m\u2019entoure.<\/p>\t\t\t\t\t\t\t\t<\/div>\n\t\t\t\t<\/div>\n\t\t<div class=\"elementor-element elementor-element-c64d6c3 e-con-full e-flex wpr-particle-no wpr-jarallax-no wpr-parallax-no wpr-sticky-section-no e-con e-child\" data-id=\"c64d6c3\" data-element_type=\"container\">\n\t\t<div class=\"elementor-element elementor-element-72e5b67 e-con-full e-flex wpr-particle-no wpr-jarallax-no wpr-parallax-no wpr-sticky-section-no e-con e-child\" data-id=\"72e5b67\" data-element_type=\"container\">\n\t\t\t\t<div class=\"elementor-element elementor-element-944e25a elementor-widget elementor-widget-heading\" data-id=\"944e25a\" data-element_type=\"widget\" data-widget_type=\"heading.default\">\n\t\t\t\t<div class=\"elementor-widget-container\">\n\t\t\t\t\t<h2 class=\"elementor-heading-title elementor-size-default\">Mon objectif <\/h2>\t\t\t\t<\/div>\n\t\t\t\t<\/div>\n\t\t\t\t<div class=\"elementor-element elementor-element-df81fc7 elementor-widget elementor-widget-text-editor\" data-id=\"df81fc7\" data-element_type=\"widget\" data-widget_type=\"text-editor.default\">\n\t\t\t\t<div class=\"elementor-widget-container\">\n\t\t\t\t\t\t\t\t\t<p>Mon objectif ultime est de m\u2019\u00e9panouir pleinement dans ce que j\u2019aime faire pour me permettre de vivre une vie qui me plait. Je crois fermement en la capacit\u00e9 de chacun \u00e0 apporter sa contribution au monde, et je m\u2019efforce de faire de mon mieux pour r\u00e9aliser cet objectif.<\/p>\t\t\t\t\t\t\t\t<\/div>\n\t\t\t\t<\/div>\n\t\t\t\t<\/div>\n\t\t\t\t<\/div>\n\t\t\t\t<\/div>\n\t\t\t\t<\/div>\n\t\t\t\t<div class=\"elementor-element elementor-element-0d39f31 elementor-widget__width-initial elementor-widget-tablet__width-initial elementor-invisible elementor-widget elementor-widget-image\" data-id=\"0d39f31\" data-element_type=\"widget\" data-settings=\"{&quot;_animation&quot;:&quot;zoomIn&quot;}\" data-widget_type=\"image.default\">\n\t\t\t\t<div class=\"elementor-widget-container\">\n\t\t\t\t\t\t\t\t\t\t\t\t\t\t\t<img decoding=\"async\" width=\"800\" height=\"800\" src=\"https:\/\/inesjdf.fr\/wp-content\/uploads\/2024\/03\/IMG_20230419_195303_748-1-1024x1024.webp\" class=\"attachment-large size-large wp-image-283\" alt=\"ines juppin de fondaumiere graphiste communication\" srcset=\"https:\/\/inesjdf.fr\/wp-content\/uploads\/2024\/03\/IMG_20230419_195303_748-1-1024x1024.webp 1024w, https:\/\/inesjdf.fr\/wp-content\/uploads\/2024\/03\/IMG_20230419_195303_748-1-300x300.webp 300w, https:\/\/inesjdf.fr\/wp-content\/uploads\/2024\/03\/IMG_20230419_195303_748-1-150x150.webp 150w, https:\/\/inesjdf.fr\/wp-content\/uploads\/2024\/03\/IMG_20230419_195303_748-1-768x768.webp 768w, https:\/\/inesjdf.fr\/wp-content\/uploads\/2024\/03\/IMG_20230419_195303_748-1.webp 1440w\" sizes=\"(max-width: 800px) 100vw, 800px\" \/>\t\t\t\t\t\t\t\t\t\t\t\t\t\t\t<\/div>\n\t\t\t\t<\/div>\n\t\t\t\t\t<\/div>\n\t\t\t\t<\/div>\n\t\t\t\t<\/div>\n\t\t","protected":false},"excerpt":{"rendered":"<p>A propos Je m\u2019appelle In\u00e8s Juppin de Fondaumi\u00e8re, et je suis passionn\u00e9e par l\u2019art en g\u00e9n\u00e9ral. Avec une fascination pour le graphisme num\u00e9rique, je m\u2019efforce constamment d\u2019explorer et d\u2019apprendre davantage. J&rsquo;ai d\u00e9couvert ma passion pour l&rsquo;art- d\u00e8s mon plus jeune \u00e2ge, gr\u00e2ce \u00e0 la musique et \u00e0 la danse et depuis, je m&rsquo;efforce de cultiver mes connaissances et mes comp\u00e9tences dans ce domaine en expansion constante. \u00a0 Ce que je fais En tant que graphiste et charg\u00e9e de communication freelance, je suis immerg\u00e9e dans un monde d\u2019images, de cr\u00e9ativit\u00e9 et de strat\u00e9gie. Mon r\u00f4le consiste \u00e0 donner vie aux id\u00e9es et aux messages \u00e0 travers des \u00e9l\u00e9ments visuels percutants et efficaces. Que ce soit la conception de logos, d\u2019identit\u00e9s visuelles, de supports de communication ou la gestion des r\u00e9seaux sociaux, je m\u2019engage \u00e0 fournir des solutions sur mesure qui r\u00e9pondent aux besoins et aux objectifs de mes clients. Pourquoi l&rsquo;entreprenariat ? J&rsquo;ai choisi l&rsquo;auto entreprenariat car j\u2019appr\u00e9cie la flexibilit\u00e9 et l\u2019autonomie que cela m\u2019offre. Je peux travailler avec une vari\u00e9t\u00e9 de clients, des petites entreprises aux grandes organisations, et je m\u2019efforce toujours de fournir un service personnalis\u00e9 et de qualit\u00e9 sup\u00e9rieure. Mon objectif est de cr\u00e9er des designs qui captivent l\u2019audience et qui renforcent la marque de mes clients, tout en respectant les d\u00e9lais et les budgets impartis.&nbsp; Mes passions En dehors du graphisme, je trouve du plaisir dans la photographie ou la litt\u00e9rature. Ces activit\u00e9s me permettent de me ressourcer et d\u2019approfondir ma compr\u00e9hension du monde qui m\u2019entoure. Mon objectif Mon objectif ultime est de m\u2019\u00e9panouir pleinement dans ce que j\u2019aime faire pour me permettre de vivre une vie qui me plait. Je crois fermement en la capacit\u00e9 de chacun \u00e0 apporter sa contribution au monde, et je m\u2019efforce de faire de mon mieux pour r\u00e9aliser cet objectif.<\/p>\n","protected":false},"author":1,"featured_media":0,"parent":0,"menu_order":0,"comment_status":"closed","ping_status":"closed","template":"","meta":{"footnotes":""},"_links":{"self":[{"href":"https:\/\/inesjdf.fr\/index.php\/wp-json\/wp\/v2\/pages\/281"}],"collection":[{"href":"https:\/\/inesjdf.fr\/index.php\/wp-json\/wp\/v2\/pages"}],"about":[{"href":"https:\/\/inesjdf.fr\/index.php\/wp-json\/wp\/v2\/types\/page"}],"author":[{"embeddable":true,"href":"https:\/\/inesjdf.fr\/index.php\/wp-json\/wp\/v2\/users\/1"}],"replies":[{"embeddable":true,"href":"https:\/\/inesjdf.fr\/index.php\/wp-json\/wp\/v2\/comments?post=281"}],"version-history":[{"count":50,"href":"https:\/\/inesjdf.fr\/index.php\/wp-json\/wp\/v2\/pages\/281\/revisions"}],"predecessor-version":[{"id":643,"href":"https:\/\/inesjdf.fr\/index.php\/wp-json\/wp\/v2\/pages\/281\/revisions\/643"}],"wp:attachment":[{"href":"https:\/\/inesjdf.fr\/index.php\/wp-json\/wp\/v2\/media?parent=281"}],"curies":[{"name":"wp","href":"https:\/\/api.w.org\/{rel}","templated":true}]}}